{"id":31164,"date":"2026-01-14T15:32:51","date_gmt":"2026-01-14T12:32:51","guid":{"rendered":"https:\/\/mrnicheboutique.com\/product\/mdci-la-ravissante-bottle-edp-75ml\/"},"modified":"2026-01-14T15:32:51","modified_gmt":"2026-01-14T12:32:51","slug":"mdci-la-ravissante-bottle-edp-75ml","status":"publish","type":"product","link":"https:\/\/mrnicheboutique.com\/ar\/product\/mdci-la-ravissante-bottle-edp-75ml\/","title":{"rendered":"MDCI La Ravissante Bottle EDP 75ML"},"content":{"rendered":"<p>The exquisite picture of Mrs. R\u00e9camier painted by Fran\u00e7ois G\u00e9rard in 1805, one of the most famous works of art at the Mus\u00e9e Carnavalet in Paris, served as the inspiration for La Ravissante.<\/p>","protected":false},"excerpt":{"rendered":"<p>The exquisite picture of Mrs. R\u00e9camier painted by Fran\u00e7ois G\u00e9rard in 1805, one of the most famous works of art at the Mus\u00e9e Carnavalet in Paris, served as the inspiration for La Ravissante.<\/p>","protected":false},"featured_media":28180,"comment_status":"open","ping_status":"closed","template":"","meta":{"inline_featured_image":false},"product_brand":[177],"product_cat":[23],"product_tag":[],"class_list":{"0":"post-31164","1":"product","2":"type-product","3":"status-publish","4":"has-post-thumbnail","6":"product_brand-mdci","7":"product_cat-unisex","9":"first","10":"instock","11":"sale","12":"shipping-taxable","13":"purchasable","14":"product-type-simple"},"yoast_head":"<!-- This site is optimized with the Yoast SEO plugin v27.1.1 - https:\/\/yoast.com\/product\/yoast-seo-wordpress\/ -->\n<title>MDCI La Ravissante Bottle EDP 75ML - Mr.Niche<\/title>\n<meta name=\"robots\" content=\"index, follow, max-snippet:-1, max-image-preview:large, max-video-preview:-1\" \/>\n<link rel=\"canonical\" href=\"https:\/\/mrnicheboutique.com\/ar\/product\/mdci-la-ravissante-bottle-edp-75ml\/\" \/>\n<meta property=\"og:locale\" content=\"ar_AR\" \/>\n<meta property=\"og:type\" content=\"article\" \/>\n<meta property=\"og:title\" content=\"MDCI La Ravissante Bottle EDP 75ML - Mr.Niche\" \/>\n<meta property=\"og:description\" content=\"The exquisite picture of Mrs. R\u00e9camier painted by Fran\u00e7ois G\u00e9rard in 1805, one of the most famous works of art at the Mus\u00e9e Carnavalet in Paris, served as the inspiration for La Ravissante.\" \/>\n<meta property=\"og:url\" content=\"https:\/\/mrnicheboutique.com\/ar\/product\/mdci-la-ravissante-bottle-edp-75ml\/\" \/>\n<meta property=\"og:site_name\" content=\"Mr.Niche\" \/>\n<meta name=\"twitter:card\" content=\"summary_large_image\" \/>\n<script type=\"application\/ld+json\" class=\"yoast-schema-graph\">{\"@context\":\"https:\/\/schema.org\",\"@graph\":[{\"@type\":\"WebPage\",\"@id\":\"https:\/\/mrnicheboutique.com\/product\/mdci-la-ravissante-bottle-edp-75ml\/\",\"url\":\"https:\/\/mrnicheboutique.com\/product\/mdci-la-ravissante-bottle-edp-75ml\/\",\"name\":\"MDCI La Ravissante Bottle EDP 75ML - Mr.Niche\",\"isPartOf\":{\"@id\":\"https:\/\/mrnicheboutique.com\/ar\/#website\"},\"primaryImageOfPage\":{\"@id\":\"https:\/\/mrnicheboutique.com\/product\/mdci-la-ravissante-bottle-edp-75ml\/#primaryimage\"},\"image\":{\"@id\":\"https:\/\/mrnicheboutique.com\/product\/mdci-la-ravissante-bottle-edp-75ml\/#primaryimage\"},\"thumbnailUrl\":\"https:\/\/mrnicheboutique.com\/wp-content\/uploads\/2026\/01\/MDCI_La_Ravissante_Bottle_EDP_75ML.png\",\"datePublished\":\"2026-01-14T12:32:51+00:00\",\"breadcrumb\":{\"@id\":\"https:\/\/mrnicheboutique.com\/product\/mdci-la-ravissante-bottle-edp-75ml\/#breadcrumb\"},\"inLanguage\":\"ar\",\"potentialAction\":[{\"@type\":\"ReadAction\",\"target\":[\"https:\/\/mrnicheboutique.com\/product\/mdci-la-ravissante-bottle-edp-75ml\/\"]}]},{\"@type\":\"ImageObject\",\"inLanguage\":\"ar\",\"@id\":\"https:\/\/mrnicheboutique.com\/product\/mdci-la-ravissante-bottle-edp-75ml\/#primaryimage\",\"url\":\"https:\/\/mrnicheboutique.com\/wp-content\/uploads\/2026\/01\/MDCI_La_Ravissante_Bottle_EDP_75ML.png\",\"contentUrl\":\"https:\/\/mrnicheboutique.com\/wp-content\/uploads\/2026\/01\/MDCI_La_Ravissante_Bottle_EDP_75ML.png\",\"width\":800,\"height\":800},{\"@type\":\"BreadcrumbList\",\"@id\":\"https:\/\/mrnicheboutique.com\/product\/mdci-la-ravissante-bottle-edp-75ml\/#breadcrumb\",\"itemListElement\":[{\"@type\":\"ListItem\",\"position\":1,\"name\":\"Home\",\"item\":\"https:\/\/mrnicheboutique.com\/\"},{\"@type\":\"ListItem\",\"position\":2,\"name\":\"shop\",\"item\":\"https:\/\/mrnicheboutique.com\/shop-2\/\"},{\"@type\":\"ListItem\",\"position\":3,\"name\":\"MDCI La Ravissante Bottle EDP 75ML\"}]},{\"@type\":\"WebSite\",\"@id\":\"https:\/\/mrnicheboutique.com\/ar\/#website\",\"url\":\"https:\/\/mrnicheboutique.com\/ar\/\",\"name\":\"Mr.Niche\",\"description\":\"\",\"publisher\":{\"@id\":\"https:\/\/mrnicheboutique.com\/ar\/#organization\"},\"potentialAction\":[{\"@type\":\"SearchAction\",\"target\":{\"@type\":\"EntryPoint\",\"urlTemplate\":\"https:\/\/mrnicheboutique.com\/ar\/?s={search_term_string}\"},\"query-input\":{\"@type\":\"PropertyValueSpecification\",\"valueRequired\":true,\"valueName\":\"search_term_string\"}}],\"inLanguage\":\"ar\"},{\"@type\":\"Organization\",\"@id\":\"https:\/\/mrnicheboutique.com\/ar\/#organization\",\"name\":\"Mr.Niche\",\"url\":\"https:\/\/mrnicheboutique.com\/ar\/\",\"logo\":{\"@type\":\"ImageObject\",\"inLanguage\":\"ar\",\"@id\":\"https:\/\/mrnicheboutique.com\/ar\/#\/schema\/logo\/image\/\",\"url\":\"https:\/\/mrnicheboutique.com\/wp-content\/uploads\/2025\/09\/cropped-mrniche-v2.png\",\"contentUrl\":\"https:\/\/mrnicheboutique.com\/wp-content\/uploads\/2025\/09\/cropped-mrniche-v2.png\",\"width\":512,\"height\":512,\"caption\":\"Mr.Niche\"},\"image\":{\"@id\":\"https:\/\/mrnicheboutique.com\/ar\/#\/schema\/logo\/image\/\"},\"sameAs\":[\"https:\/\/www.instagram.com\/mrnicheboutique\/\"]}]}<\/script>\n<!-- \/ Yoast SEO plugin. -->","yoast_head_json":{"title":"MDCI La Ravissante Bottle EDP 75ML - Mr.Niche","robots":{"index":"index","follow":"follow","max-snippet":"max-snippet:-1","max-image-preview":"max-image-preview:large","max-video-preview":"max-video-preview:-1"},"canonical":"https:\/\/mrnicheboutique.com\/ar\/product\/mdci-la-ravissante-bottle-edp-75ml\/","og_locale":"ar_AR","og_type":"article","og_title":"MDCI La Ravissante Bottle EDP 75ML - Mr.Niche","og_description":"The exquisite picture of Mrs. R\u00e9camier painted by Fran\u00e7ois G\u00e9rard in 1805, one of the most famous works of art at the Mus\u00e9e Carnavalet in Paris, served as the inspiration for La Ravissante.","og_url":"https:\/\/mrnicheboutique.com\/ar\/product\/mdci-la-ravissante-bottle-edp-75ml\/","og_site_name":"Mr.Niche","twitter_card":"summary_large_image","schema":{"@context":"https:\/\/schema.org","@graph":[{"@type":"WebPage","@id":"https:\/\/mrnicheboutique.com\/product\/mdci-la-ravissante-bottle-edp-75ml\/","url":"https:\/\/mrnicheboutique.com\/product\/mdci-la-ravissante-bottle-edp-75ml\/","name":"MDCI La Ravissante Bottle EDP 75ML - Mr.Niche","isPartOf":{"@id":"https:\/\/mrnicheboutique.com\/ar\/#website"},"primaryImageOfPage":{"@id":"https:\/\/mrnicheboutique.com\/product\/mdci-la-ravissante-bottle-edp-75ml\/#primaryimage"},"image":{"@id":"https:\/\/mrnicheboutique.com\/product\/mdci-la-ravissante-bottle-edp-75ml\/#primaryimage"},"thumbnailUrl":"https:\/\/mrnicheboutique.com\/wp-content\/uploads\/2026\/01\/MDCI_La_Ravissante_Bottle_EDP_75ML.png","datePublished":"2026-01-14T12:32:51+00:00","breadcrumb":{"@id":"https:\/\/mrnicheboutique.com\/product\/mdci-la-ravissante-bottle-edp-75ml\/#breadcrumb"},"inLanguage":"ar","potentialAction":[{"@type":"ReadAction","target":["https:\/\/mrnicheboutique.com\/product\/mdci-la-ravissante-bottle-edp-75ml\/"]}]},{"@type":"ImageObject","inLanguage":"ar","@id":"https:\/\/mrnicheboutique.com\/product\/mdci-la-ravissante-bottle-edp-75ml\/#primaryimage","url":"https:\/\/mrnicheboutique.com\/wp-content\/uploads\/2026\/01\/MDCI_La_Ravissante_Bottle_EDP_75ML.png","contentUrl":"https:\/\/mrnicheboutique.com\/wp-content\/uploads\/2026\/01\/MDCI_La_Ravissante_Bottle_EDP_75ML.png","width":800,"height":800},{"@type":"BreadcrumbList","@id":"https:\/\/mrnicheboutique.com\/product\/mdci-la-ravissante-bottle-edp-75ml\/#breadcrumb","itemListElement":[{"@type":"ListItem","position":1,"name":"Home","item":"https:\/\/mrnicheboutique.com\/"},{"@type":"ListItem","position":2,"name":"shop","item":"https:\/\/mrnicheboutique.com\/shop-2\/"},{"@type":"ListItem","position":3,"name":"MDCI La Ravissante Bottle EDP 75ML"}]},{"@type":"WebSite","@id":"https:\/\/mrnicheboutique.com\/ar\/#website","url":"https:\/\/mrnicheboutique.com\/ar\/","name":"\u0627\u0644\u0633\u064a\u062f \u0646\u064a\u0634","description":"","publisher":{"@id":"https:\/\/mrnicheboutique.com\/ar\/#organization"},"potentialAction":[{"@type":"SearchAction","target":{"@type":"EntryPoint","urlTemplate":"https:\/\/mrnicheboutique.com\/ar\/?s={search_term_string}"},"query-input":{"@type":"PropertyValueSpecification","valueRequired":true,"valueName":"search_term_string"}}],"inLanguage":"ar"},{"@type":"Organization","@id":"https:\/\/mrnicheboutique.com\/ar\/#organization","name":"\u0627\u0644\u0633\u064a\u062f \u0646\u064a\u0634","url":"https:\/\/mrnicheboutique.com\/ar\/","logo":{"@type":"ImageObject","inLanguage":"ar","@id":"https:\/\/mrnicheboutique.com\/ar\/#\/schema\/logo\/image\/","url":"https:\/\/mrnicheboutique.com\/wp-content\/uploads\/2025\/09\/cropped-mrniche-v2.png","contentUrl":"https:\/\/mrnicheboutique.com\/wp-content\/uploads\/2025\/09\/cropped-mrniche-v2.png","width":512,"height":512,"caption":"Mr.Niche"},"image":{"@id":"https:\/\/mrnicheboutique.com\/ar\/#\/schema\/logo\/image\/"},"sameAs":["https:\/\/www.instagram.com\/mrnicheboutique\/"]}]}},"_links":{"self":[{"href":"https:\/\/mrnicheboutique.com\/ar\/wp-json\/wp\/v2\/product\/31164","targetHints":{"allow":["GET"]}}],"collection":[{"href":"https:\/\/mrnicheboutique.com\/ar\/wp-json\/wp\/v2\/product"}],"about":[{"href":"https:\/\/mrnicheboutique.com\/ar\/wp-json\/wp\/v2\/types\/product"}],"replies":[{"embeddable":true,"href":"https:\/\/mrnicheboutique.com\/ar\/wp-json\/wp\/v2\/comments?post=31164"}],"wp:featuredmedia":[{"embeddable":true,"href":"https:\/\/mrnicheboutique.com\/ar\/wp-json\/wp\/v2\/media\/28180"}],"wp:attachment":[{"href":"https:\/\/mrnicheboutique.com\/ar\/wp-json\/wp\/v2\/media?parent=31164"}],"wp:term":[{"taxonomy":"product_brand","embeddable":true,"href":"https:\/\/mrnicheboutique.com\/ar\/wp-json\/wp\/v2\/product_brand?post=31164"},{"taxonomy":"product_cat","embeddable":true,"href":"https:\/\/mrnicheboutique.com\/ar\/wp-json\/wp\/v2\/product_cat?post=31164"},{"taxonomy":"product_tag","embeddable":true,"href":"https:\/\/mrnicheboutique.com\/ar\/wp-json\/wp\/v2\/product_tag?post=31164"}],"curies":[{"name":"wp","href":"https:\/\/api.w.org\/{rel}","templated":true}]}}